{"id":598,"date":"2023-10-02T20:13:25","date_gmt":"2023-10-02T20:13:25","guid":{"rendered":"http:\/\/hansakerman.se\/?page_id=598"},"modified":"2025-11-23T15:14:05","modified_gmt":"2025-11-23T15:14:05","slug":"ettan","status":"publish","type":"page","link":"https:\/\/hansakerman.se\/","title":{"rendered":"Bortom sant och falskt"},"content":{"rendered":"\n<p>Prat ut i rymden. Kontakt: hans.akerman  @   gmail.com<\/p>\n\n\n<ul class=\"wp-block-latest-posts__list wp-block-latest-posts\"><li><a class=\"wp-block-latest-posts__post-title\" href=\"https:\/\/hansakerman.se\/?p=2452\">Kroppens resonans<\/a><\/li>\n<li><a class=\"wp-block-latest-posts__post-title\" href=\"https:\/\/hansakerman.se\/?p=2449\">Den dansande dansar en dans<\/a><\/li>\n<li><a class=\"wp-block-latest-posts__post-title\" href=\"https:\/\/hansakerman.se\/?p=2447\">Tillr\u00e4ckligheten<\/a><\/li>\n<li><a class=\"wp-block-latest-posts__post-title\" href=\"https:\/\/hansakerman.se\/?p=2442\">Finns partikeln men den finns?<\/a><\/li>\n<li><a class=\"wp-block-latest-posts__post-title\" href=\"https:\/\/hansakerman.se\/?p=2432\">Mentalisering, \u00e5terkoppling och samplingsproblematiken i ett splittrat samh\u00e4lle<\/a><\/li>\n<li><a class=\"wp-block-latest-posts__post-title\" href=\"https:\/\/hansakerman.se\/?p=2428\">Alias, organisation , f\u00f6rest\u00e4llning, ritual och tabu<\/a><\/li>\n<li><a class=\"wp-block-latest-posts__post-title\" href=\"https:\/\/hansakerman.se\/?p=2422\">Stenen och pinnen<\/a><\/li>\n<li><a class=\"wp-block-latest-posts__post-title\" href=\"https:\/\/hansakerman.se\/?p=2420\">K\u00e4nnare av f\u00e4ltet<\/a><\/li>\n<li><a class=\"wp-block-latest-posts__post-title\" href=\"https:\/\/hansakerman.se\/?p=2413\">Uppr\u00e4tth\u00e5llandet av en fungerande organisation<\/a><\/li>\n<li><a class=\"wp-block-latest-posts__post-title\" href=\"https:\/\/hansakerman.se\/?p=2409\">En natts och morgons dr\u00f6mmar<\/a><\/li>\n<li><a class=\"wp-block-latest-posts__post-title\" href=\"https:\/\/hansakerman.se\/?p=2389\">Bortom medvetandets qualia \u2013 det ov\u00e4gda<\/a><\/li>\n<li><a class=\"wp-block-latest-posts__post-title\" href=\"https:\/\/hansakerman.se\/?p=2393\">L\u00e5t handlingen kommer fr\u00e5n hj\u00e4rtat<\/a><\/li>\n<li><a class=\"wp-block-latest-posts__post-title\" href=\"https:\/\/hansakerman.se\/?p=2387\">Tillr\u00e4cklighet<\/a><\/li>\n<li><a class=\"wp-block-latest-posts__post-title\" href=\"https:\/\/hansakerman.se\/?p=2385\">V\u00e5gen av jag och andra<\/a><\/li>\n<li><a class=\"wp-block-latest-posts__post-title\" href=\"https:\/\/hansakerman.se\/?p=2383\">Det operativa och icke-operativa minnet\/bilden<\/a><\/li>\n<li><a class=\"wp-block-latest-posts__post-title\" href=\"https:\/\/hansakerman.se\/?p=2381\">L\u00e5t mig reiterara<\/a><\/li>\n<li><a class=\"wp-block-latest-posts__post-title\" href=\"https:\/\/hansakerman.se\/?p=2377\">Relation till objekten: verkligheten, gr\u00e4nsen och relationer till andra.<\/a><\/li>\n<li><a class=\"wp-block-latest-posts__post-title\" href=\"https:\/\/hansakerman.se\/?p=2358\">Initialt om ingroup och \u00f6gonkontakt<\/a><\/li>\n<li><a class=\"wp-block-latest-posts__post-title\" href=\"https:\/\/hansakerman.se\/?p=2352\">Kort om tomhetens form<\/a><\/li>\n<li><a class=\"wp-block-latest-posts__post-title\" href=\"https:\/\/hansakerman.se\/?p=2350\">Ett indirekt bevis p\u00e5 min niv\u00e5<\/a><\/li>\n<li><a class=\"wp-block-latest-posts__post-title\" href=\"https:\/\/hansakerman.se\/?p=2347\">Om m\u00e4nniskans symboliska v\u00e4rld<\/a><\/li>\n<li><a class=\"wp-block-latest-posts__post-title\" href=\"https:\/\/hansakerman.se\/?p=2331\">Den lilla och den stora kroppen; aktuatorns gr\u00e4ns<\/a><\/li>\n<li><a class=\"wp-block-latest-posts__post-title\" href=\"https:\/\/hansakerman.se\/?p=2327\">Antagande om reglering av beteendef\u00e4ltet<\/a><\/li>\n<li><a class=\"wp-block-latest-posts__post-title\" href=\"https:\/\/hansakerman.se\/?p=2320\">The Game<\/a><\/li>\n<li><a class=\"wp-block-latest-posts__post-title\" href=\"https:\/\/hansakerman.se\/?p=2317\">Illusionen r\u00e4mnar<\/a><\/li>\n<li><a class=\"wp-block-latest-posts__post-title\" href=\"https:\/\/hansakerman.se\/?p=2301\">Sj\u00e4lvreflektionen<\/a><\/li>\n<li><a class=\"wp-block-latest-posts__post-title\" href=\"https:\/\/hansakerman.se\/?p=2294\">The autumn jacket<\/a><\/li>\n<li><a class=\"wp-block-latest-posts__post-title\" href=\"https:\/\/hansakerman.se\/?p=2285\">K\u00e4rleken<\/a><\/li>\n<li><a class=\"wp-block-latest-posts__post-title\" href=\"https:\/\/hansakerman.se\/?p=2282\">H\u00f6stjackan<\/a><\/li>\n<li><a class=\"wp-block-latest-posts__post-title\" href=\"https:\/\/hansakerman.se\/?p=2276\">Mannens fr\u00e5ga<\/a><\/li>\n<li><a class=\"wp-block-latest-posts__post-title\" href=\"https:\/\/hansakerman.se\/?p=2273\">Sj\u00e4lvrealiseringen<\/a><\/li>\n<li><a class=\"wp-block-latest-posts__post-title\" href=\"https:\/\/hansakerman.se\/?p=2261\">COMMIT 2FA17H<\/a><\/li>\n<li><a class=\"wp-block-latest-posts__post-title\" href=\"https:\/\/hansakerman.se\/?p=2254\">Balensen och harmonin<\/a><\/li>\n<li><a class=\"wp-block-latest-posts__post-title\" href=\"https:\/\/hansakerman.se\/?p=2250\">Att st\u00e4lla fr\u00e5gan och inte ge svaret<\/a><\/li>\n<li><a class=\"wp-block-latest-posts__post-title\" href=\"https:\/\/hansakerman.se\/?p=2243\">Speglingen<\/a><\/li>\n<li><a class=\"wp-block-latest-posts__post-title\" href=\"https:\/\/hansakerman.se\/?p=2232\">Skratt som en signal f\u00f6r kollektiv rekonstruktion av verkligheten. Arbetsdokument<\/a><\/li>\n<li><a class=\"wp-block-latest-posts__post-title\" href=\"https:\/\/hansakerman.se\/?p=2230\">Kort om minnet<\/a><\/li>\n<li><a class=\"wp-block-latest-posts__post-title\" href=\"https:\/\/hansakerman.se\/?p=2204\">Trottoaristen<\/a><\/li>\n<li><a class=\"wp-block-latest-posts__post-title\" href=\"https:\/\/hansakerman.se\/?p=2201\">Det upplevda och &#8220;objektet&#8221;<\/a><\/li>\n<li><a class=\"wp-block-latest-posts__post-title\" href=\"https:\/\/hansakerman.se\/?p=2196\">Jag-skaparen<\/a><\/li>\n<li><a class=\"wp-block-latest-posts__post-title\" href=\"https:\/\/hansakerman.se\/?p=2189\">Human cognition: Routing, broadcast and pattern recognition<\/a><\/li>\n<li><a class=\"wp-block-latest-posts__post-title\" href=\"https:\/\/hansakerman.se\/?p=2186\">Livet<\/a><\/li>\n<li><a class=\"wp-block-latest-posts__post-title\" href=\"https:\/\/hansakerman.se\/?p=2182\">Att fastna och f\u00f6rst\u00e4rka<\/a><\/li>\n<li><a class=\"wp-block-latest-posts__post-title\" href=\"https:\/\/hansakerman.se\/?p=2180\">Myten om det perfekta<\/a><\/li>\n<li><a class=\"wp-block-latest-posts__post-title\" href=\"https:\/\/hansakerman.se\/?p=2178\">Olika<\/a><\/li>\n<li><a class=\"wp-block-latest-posts__post-title\" href=\"https:\/\/hansakerman.se\/?p=2172\">Jag \u2013 fetto! Ut och lev!<\/a><\/li>\n<li><a class=\"wp-block-latest-posts__post-title\" href=\"https:\/\/hansakerman.se\/?p=2168\">Acceptansen av dig sj\u00e4lv och andra<\/a><\/li>\n<li><a class=\"wp-block-latest-posts__post-title\" href=\"https:\/\/hansakerman.se\/?p=2160\">Varandet<\/a><\/li>\n<li><a class=\"wp-block-latest-posts__post-title\" href=\"https:\/\/hansakerman.se\/?p=2154\">H\u00e5ll det enkelt<\/a><\/li>\n<li><a class=\"wp-block-latest-posts__post-title\" href=\"https:\/\/hansakerman.se\/?p=2152\">Attityd<\/a><\/li>\n<li><a class=\"wp-block-latest-posts__post-title\" href=\"https:\/\/hansakerman.se\/?p=2150\">Linsen i nuet f\u00e5r spegla och etablera sig<\/a><\/li>\n<li><a class=\"wp-block-latest-posts__post-title\" href=\"https:\/\/hansakerman.se\/?p=2145\">Ha Ha<\/a><\/li>\n<li><a class=\"wp-block-latest-posts__post-title\" href=\"https:\/\/hansakerman.se\/?p=2143\">Livet och acceptansen<\/a><\/li>\n<li><a class=\"wp-block-latest-posts__post-title\" href=\"https:\/\/hansakerman.se\/?p=2139\">Attityd till person\/objekt\/h\u00e4ndelse<\/a><\/li>\n<li><a class=\"wp-block-latest-posts__post-title\" href=\"https:\/\/hansakerman.se\/?p=2137\">Den inre och yttre h\u00e4ndelsen<\/a><\/li>\n<li><a class=\"wp-block-latest-posts__post-title\" href=\"https:\/\/hansakerman.se\/?p=2133\">Minnets fossil, ih\u00e5gkomstens grottm\u00e5lning<\/a><\/li>\n<li><a class=\"wp-block-latest-posts__post-title\" href=\"https:\/\/hansakerman.se\/?p=2129\">Jag hoppar av maskinen<\/a><\/li>\n<li><a class=\"wp-block-latest-posts__post-title\" href=\"https:\/\/hansakerman.se\/?p=2123\">Fenomenologiskt v\u00e4gning och icke-tingen<\/a><\/li>\n<li><a class=\"wp-block-latest-posts__post-title\" href=\"https:\/\/hansakerman.se\/?p=2118\">Medvetandets (icke)-topologi \u2013 slask<\/a><\/li>\n<li><a class=\"wp-block-latest-posts__post-title\" href=\"https:\/\/hansakerman.se\/?p=2116\">\u00c4lskade<\/a><\/li>\n<li><a class=\"wp-block-latest-posts__post-title\" href=\"https:\/\/hansakerman.se\/?p=2109\">\u00c5terigen jag fastnar i egen myt<\/a><\/li>\n<li><a class=\"wp-block-latest-posts__post-title\" href=\"https:\/\/hansakerman.se\/?p=2105\">V\u00e4ga, se skillnad, m\u00e4ta, urskilja<\/a><\/li>\n<li><a class=\"wp-block-latest-posts__post-title\" href=\"https:\/\/hansakerman.se\/?p=2083\">Sj\u00e4lvuppfattning, dysformi, omst\u00e4mning, tr\u00f6st, balans, qualia-kodning, namnet<\/a><\/li>\n<li><a class=\"wp-block-latest-posts__post-title\" href=\"https:\/\/hansakerman.se\/?p=2095\">Konflikten\/samarbetet<\/a><\/li>\n<li><a class=\"wp-block-latest-posts__post-title\" href=\"https:\/\/hansakerman.se\/?p=2086\">Tetralemma->pentalemma->mu-lemma<\/a><\/li>\n<li><a class=\"wp-block-latest-posts__post-title\" href=\"https:\/\/hansakerman.se\/?p=2075\">De flytande mentala representationerna<\/a><\/li>\n<li><a class=\"wp-block-latest-posts__post-title\" href=\"https:\/\/hansakerman.se\/?p=2070\">Det kommer m\u00e5nga v\u00e5rar. Islossningen<\/a><\/li>\n<li><a class=\"wp-block-latest-posts__post-title\" href=\"https:\/\/hansakerman.se\/?p=2058\">Minnets uppl\u00f6sta  glyfer<\/a><\/li>\n<li><a class=\"wp-block-latest-posts__post-title\" href=\"https:\/\/hansakerman.se\/?p=2052\">Integrera<\/a><\/li>\n<li><a class=\"wp-block-latest-posts__post-title\" href=\"https:\/\/hansakerman.se\/?p=2048\">P\u00e5hitt och postulat om vad som \u00e4r vi<\/a><\/li>\n<li><a class=\"wp-block-latest-posts__post-title\" href=\"https:\/\/hansakerman.se\/?p=2045\">Ett fr\u00f6 om illusionen om gemenskap<\/a><\/li>\n<li><a class=\"wp-block-latest-posts__post-title\" href=\"https:\/\/hansakerman.se\/?p=2043\">Kroppen som materia, resonans, ihopdragning och avslappning<\/a><\/li>\n<li><a class=\"wp-block-latest-posts__post-title\" href=\"https:\/\/hansakerman.se\/?p=2041\">Dr\u00f6m\u00e5terkopplingen<\/a><\/li>\n<li><a class=\"wp-block-latest-posts__post-title\" href=\"https:\/\/hansakerman.se\/?p=2038\">Urskiljning av sant och falskt under sm\u00e4rta och felaktig \u00e5terkoppling<\/a><\/li>\n<li><a class=\"wp-block-latest-posts__post-title\" href=\"https:\/\/hansakerman.se\/?p=2035\">D\u00f6dsspiralen<\/a><\/li>\n<li><a class=\"wp-block-latest-posts__post-title\" href=\"https:\/\/hansakerman.se\/?p=2033\">Vi reagerar p\u00e5 n\u00e5got<\/a><\/li>\n<li><a class=\"wp-block-latest-posts__post-title\" href=\"https:\/\/hansakerman.se\/?p=2023\">Harmonisering med milj\u00f6n<\/a><\/li>\n<li><a class=\"wp-block-latest-posts__post-title\" href=\"https:\/\/hansakerman.se\/?p=2020\">Ess\u00e4: Organisationen, spr\u00e5ket och arketyperna<\/a><\/li>\n<li><a class=\"wp-block-latest-posts__post-title\" href=\"https:\/\/hansakerman.se\/?p=2016\">Kort om prognosens underlag till nuets agens<\/a><\/li>\n<li><a class=\"wp-block-latest-posts__post-title\" href=\"https:\/\/hansakerman.se\/?p=2012\">Dr\u00f6mfragment<\/a><\/li>\n<li><a class=\"wp-block-latest-posts__post-title\" href=\"https:\/\/hansakerman.se\/?p=2006\">Moderns dal \u00e4r tom, men vad finns i myllan?<\/a><\/li>\n<li><a class=\"wp-block-latest-posts__post-title\" href=\"https:\/\/hansakerman.se\/?p=2003\">Slask om medvetandets topologi<\/a><\/li>\n<li><a class=\"wp-block-latest-posts__post-title\" href=\"https:\/\/hansakerman.se\/?p=2000\">Sl\u00e4pp din sj\u00e4lvcensur<\/a><\/li>\n<li><a class=\"wp-block-latest-posts__post-title\" href=\"https:\/\/hansakerman.se\/?p=1993\">Den myllan du v\u00e4xer i<\/a><\/li>\n<li><a class=\"wp-block-latest-posts__post-title\" href=\"https:\/\/hansakerman.se\/?p=1989\">Balansen beh\u00f6ver ditt egna orubbliga st\u00f6d<\/a><\/li>\n<li><a class=\"wp-block-latest-posts__post-title\" href=\"https:\/\/hansakerman.se\/?p=1984\">Din dr\u00f6m, andras dr\u00f6mmar<\/a><\/li>\n<li><a class=\"wp-block-latest-posts__post-title\" href=\"https:\/\/hansakerman.se\/?p=1979\">Din science fiction \u00e4r inte verkligheten<\/a><\/li>\n<li><a class=\"wp-block-latest-posts__post-title\" href=\"https:\/\/hansakerman.se\/?p=1977\">Din moral<\/a><\/li>\n<li><a class=\"wp-block-latest-posts__post-title\" href=\"https:\/\/hansakerman.se\/?p=1970\">Vishnus tr\u00e4dg\u00e5rd och dr\u00f6mmarna<\/a><\/li>\n<li><a class=\"wp-block-latest-posts__post-title\" href=\"https:\/\/hansakerman.se\/?p=1967\">Dr\u00f6mmen: Dubbla pianos, bokf\u00f6raren, konteringen och matsalen<\/a><\/li>\n<li><a class=\"wp-block-latest-posts__post-title\" href=\"https:\/\/hansakerman.se\/?p=1960\">Det vi ser som v\u00e5rt och f\u00f6rh\u00e5llandet till det<\/a><\/li>\n<li><a class=\"wp-block-latest-posts__post-title\" href=\"https:\/\/hansakerman.se\/?p=1955\">Det skapta, det skulpterade<\/a><\/li>\n<li><a class=\"wp-block-latest-posts__post-title\" href=\"https:\/\/hansakerman.se\/?p=1952\">Symbolen och verkligheten<\/a><\/li>\n<li><a class=\"wp-block-latest-posts__post-title\" href=\"https:\/\/hansakerman.se\/?p=1949\">M\u00f6tet i den h\u00e4ngande gondolen<\/a><\/li>\n<li><a class=\"wp-block-latest-posts__post-title\" href=\"https:\/\/hansakerman.se\/?p=1938\">F\u00f6rtroendet<\/a><\/li>\n<li><a class=\"wp-block-latest-posts__post-title\" href=\"https:\/\/hansakerman.se\/?p=1936\">Den neurala knuten \u2014 och syndabocken som rubrik<\/a><\/li>\n<li><a class=\"wp-block-latest-posts__post-title\" href=\"https:\/\/hansakerman.se\/?p=1934\">Det du ser hos andra kan bli ett l\u00e4rande f\u00f6r dig<\/a><\/li>\n<li><a class=\"wp-block-latest-posts__post-title\" href=\"https:\/\/hansakerman.se\/?p=1932\">Lite ot\u00e4nkt om tankarna och allt.<\/a><\/li>\n<li><a class=\"wp-block-latest-posts__post-title\" href=\"https:\/\/hansakerman.se\/?p=1923\">Bed\u00f6mningen: En dr\u00f6m och en analys<\/a><\/li>\n<li><a class=\"wp-block-latest-posts__post-title\" href=\"https:\/\/hansakerman.se\/?p=1916\">Mar 16 2024 Spridda tankar<\/a><\/li>\n<\/ul>","protected":false},"excerpt":{"rendered":"<p>Prat ut i rymden. Kontakt: hans.akerman @ gmail.com<\/p>\n","protected":false},"author":2,"featured_media":0,"parent":0,"menu_order":0,"comment_status":"closed","ping_status":"closed","template":"","meta":{"footnotes":""},"class_list":["post-598","page","type-page","status-publish","hentry","entry"],"_links":{"self":[{"href":"https:\/\/hansakerman.se\/index.php?rest_route=\/wp\/v2\/pages\/598","targetHints":{"allow":["GET"]}}],"collection":[{"href":"https:\/\/hansakerman.se\/index.php?rest_route=\/wp\/v2\/pages"}],"about":[{"href":"https:\/\/hansakerman.se\/index.php?rest_route=\/wp\/v2\/types\/page"}],"author":[{"embeddable":true,"href":"https:\/\/hansakerman.se\/index.php?rest_route=\/wp\/v2\/users\/2"}],"replies":[{"embeddable":true,"href":"https:\/\/hansakerman.se\/index.php?rest_route=%2Fwp%2Fv2%2Fcomments&post=598"}],"version-history":[{"count":12,"href":"https:\/\/hansakerman.se\/index.php?rest_route=\/wp\/v2\/pages\/598\/revisions"}],"predecessor-version":[{"id":2366,"href":"https:\/\/hansakerman.se\/index.php?rest_route=\/wp\/v2\/pages\/598\/revisions\/2366"}],"wp:attachment":[{"href":"https:\/\/hansakerman.se\/index.php?rest_route=%2Fwp%2Fv2%2Fmedia&parent=598"}],"curies":[{"name":"wp","href":"https:\/\/api.w.org\/{rel}","templated":true}]}}